{"id":18,"date":"2018-12-26T16:54:12","date_gmt":"2018-12-26T16:54:12","guid":{"rendered":"https:\/\/txpraza.com\/servicios\/?page_id=18"},"modified":"2024-11-21T04:30:08","modified_gmt":"2024-11-21T04:30:08","slug":"consultoria","status":"publish","type":"page","link":"https:\/\/txpraza.com\/servicios\/consultoria\/","title":{"rendered":"Consultor\u00eda"},"content":{"rendered":"<h3 style=\"text-align: left;\" align=\"center\"><span style=\"color: #303841;\"><span style=\"font-family: Helvetica, serif;\"><span style=\"font-size: x-large;\"><b>SERVICIOS DE CONSULTORIA PARA EMPRESAS<\/b><\/span><\/span><\/span><\/h3>\n<p>Nos centramos y orientamos a las Pymes a conseguir los recursos disponibles del mercado.<\/p>\n<p>Nuestras actuaciones se centran, principalmente, en la cumplimentaci\u00f3n de obligaciones formales que no se realizan internamente en la empresa, pero que inciden directamente sobre la gesti\u00f3n del d\u00eda a d\u00eda.<\/p>\n<p>&nbsp;<\/p>\n<p><img fetchpriority=\"high\" decoding=\"async\" class=\"aligncenter wp-image-2659\" src=\"https:\/\/txpraza.com\/servicios\/wp-content\/uploads\/2019\/01\/consultoria-asesoria-1024x640.jpg\" alt=\"consultoria-asesoria\" width=\"638\" height=\"399\" srcset=\"https:\/\/txpraza.com\/servicios\/wp-content\/uploads\/2019\/01\/consultoria-asesoria-1024x640.jpg 1024w, https:\/\/txpraza.com\/servicios\/wp-content\/uploads\/2019\/01\/consultoria-asesoria-300x188.jpg 300w, https:\/\/txpraza.com\/servicios\/wp-content\/uploads\/2019\/01\/consultoria-asesoria-768x480.jpg 768w, https:\/\/txpraza.com\/servicios\/wp-content\/uploads\/2019\/01\/consultoria-asesoria.jpg 1920w\" sizes=\"(max-width: 638px) 100vw, 638px\" \/><\/p>\n<p>&nbsp;<\/p>\n<h2>Servicios online<\/h2>\n<h3><span style=\"color: #00ccff;\">Servicios de Asesor\u00eda online <\/span><\/h3>\n<p>Nuestra intenci\u00f3n es ofrecer un servicio completo de asesoramiento para Aut\u00f3nomos y Pymes y entendemos que tanto un aut\u00f3nomo como una pyme, necesita todos y cada uno de los servicios que le compete desde el punto de vista legislativo:<\/p>\n<ul>\n<li>Asesoramiento laboral, fiscal contable, jur\u00eddico, protecci\u00f3n de datos, prevenci\u00f3n de riesgos laborales, seguridad alimentaria, abaratamiento de costes de proveedores<\/li>\n<li>Por tanto el precio de nuestros servicios est\u00e1 en todo momento en consonancia con el volumen de documentaci\u00f3n de la empresa, beneficios obtenidos y dificultad, siendo de los m\u00e1s econ\u00f3micos del mercado, en comparaci\u00f3n con los servicios prestados por otras asesor\u00edas y sus repercusiones fiscales y econ\u00f3mico-financieras<\/li>\n<li>Desde 39.50\u20ac siendo aut\u00f3nomo<br \/>\nY desde 69,50\u20ac para pymes<\/li>\n<\/ul>\n<p>Usamos la v\u00eda online como tendencia, si bien es cierto que apostamos al mismo tiempo por la cercan\u00eda como una asesor\u00eda tradicional<\/p>\n<h4>C\u00f3mo registrarse en nuestro \u00c1rea de Clientes<\/h4>\n<p>Realiza el registro rellenando el formulario de contacto con una serie de datos necesarios para gestionar tu alta.<br \/>\nUna vez realizado el registro nuestro departamento de Atenci\u00f3n al Cliente te llamar\u00e1 en menos de 48h para confirmar los datos y darte toda la informaci\u00f3n que necesitas.<\/p>\n","protected":false},"excerpt":{"rendered":"<p>SERVICIOS DE CONSULTORIA PARA EMPRESAS Nos centramos y orientamos a las Pymes a conseguir los recursos disponibles del mercado. Nuestras actuaciones se centran, principalmente, en la cumplimentaci\u00f3n de obligaciones formales que no se realizan internamente en la empresa, pero que inciden directamente sobre la gesti\u00f3n del d\u00eda a d\u00eda. &nbsp; &nbsp; Servicios online Servicios de [&hellip;]<\/p>\n","protected":false},"author":5,"featured_media":0,"parent":0,"menu_order":0,"comment_status":"closed","ping_status":"closed","template":"","meta":{"ocean_post_layout":"","ocean_both_sidebars_style":"","ocean_both_sidebars_content_width":0,"ocean_both_sidebars_sidebars_width":0,"ocean_sidebar":"0","ocean_second_sidebar":"0","ocean_disable_margins":"enable","ocean_add_body_class":"","ocean_shortcode_before_top_bar":"","ocean_shortcode_after_top_bar":"","ocean_shortcode_before_header":"","ocean_shortcode_after_header":"","ocean_has_shortcode":"","ocean_shortcode_after_title":"","ocean_shortcode_before_footer_widgets":"","ocean_shortcode_after_footer_widgets":"","ocean_shortcode_before_footer_bottom":"","ocean_shortcode_after_footer_bottom":"","ocean_display_top_bar":"off","ocean_display_header":"default","ocean_header_style":"top","ocean_center_header_left_menu":"0","ocean_custom_header_template":"0","ocean_custom_logo":0,"ocean_custom_retina_logo":0,"ocean_custom_logo_max_width":0,"ocean_custom_logo_tablet_max_width":0,"ocean_custom_logo_mobile_max_width":0,"ocean_custom_logo_max_height":0,"ocean_custom_logo_tablet_max_height":0,"ocean_custom_logo_mobile_max_height":0,"ocean_header_custom_menu":"0","ocean_menu_typo_font_family":"0","ocean_menu_typo_font_subset":"","ocean_menu_typo_font_size":0,"ocean_menu_typo_font_size_tablet":0,"ocean_menu_typo_font_size_mobile":0,"ocean_menu_typo_font_size_unit":"px","ocean_menu_typo_font_weight":"","ocean_menu_typo_font_weight_tablet":"","ocean_menu_typo_font_weight_mobile":"","ocean_menu_typo_transform":"","ocean_menu_typo_transform_tablet":"","ocean_menu_typo_transform_mobile":"","ocean_menu_typo_line_height":0,"ocean_menu_typo_line_height_tablet":0,"ocean_menu_typo_line_height_mobile":0,"ocean_menu_typo_line_height_unit":"","ocean_menu_typo_spacing":0,"ocean_menu_typo_spacing_tablet":0,"ocean_menu_typo_spacing_mobile":0,"ocean_menu_typo_spacing_unit":"","ocean_menu_link_color":"","ocean_menu_link_color_hover":"","ocean_menu_link_color_active":"","ocean_menu_link_background":"","ocean_menu_link_hover_background":"","ocean_menu_link_active_background":"","ocean_menu_social_links_bg":"","ocean_menu_social_hover_links_bg":"","ocean_menu_social_links_color":"","ocean_menu_social_hover_links_color":"","ocean_disable_title":"on","ocean_disable_heading":"on","ocean_post_title":"","ocean_post_subheading":"","ocean_post_title_style":"","ocean_post_title_background_color":"","ocean_post_title_background":0,"ocean_post_title_bg_image_position":"","ocean_post_title_bg_image_attachment":"","ocean_post_title_bg_image_repeat":"","ocean_post_title_bg_image_size":"","ocean_post_title_height":0,"ocean_post_title_bg_overlay":0.5,"ocean_post_title_bg_overlay_color":"","ocean_disable_breadcrumbs":"default","ocean_breadcrumbs_color":"","ocean_breadcrumbs_separator_color":"","ocean_breadcrumbs_links_color":"","ocean_breadcrumbs_links_hover_color":"","ocean_display_footer_widgets":"default","ocean_display_footer_bottom":"default","ocean_custom_footer_template":"0","_joinchat":[],"footnotes":""},"class_list":["post-18","page","type-page","status-publish","hentry","entry"],"yoast_head":"<!-- This site is optimized with the Yoast SEO plugin v25.4 - https:\/\/yoast.com\/wordpress\/plugins\/seo\/ -->\n<title>Consultor\u00eda - Corporaci\u00f3n Txpraza<\/title>\n<meta name=\"robots\" content=\"index, follow, max-snippet:-1, max-image-preview:large, max-video-preview:-1\" \/>\n<link rel=\"canonical\" href=\"https:\/\/txpraza.com\/servicios\/consultoria\/\" \/>\n<meta property=\"og:locale\" content=\"es_ES\" \/>\n<meta property=\"og:type\" content=\"article\" \/>\n<meta property=\"og:title\" content=\"Consultor\u00eda - Corporaci\u00f3n Txpraza\" \/>\n<meta property=\"og:description\" content=\"SERVICIOS DE CONSULTORIA PARA EMPRESAS Nos centramos y orientamos a las Pymes a conseguir los recursos disponibles del mercado. Nuestras actuaciones se centran, principalmente, en la cumplimentaci\u00f3n de obligaciones formales que no se realizan internamente en la empresa, pero que inciden directamente sobre la gesti\u00f3n del d\u00eda a d\u00eda. &nbsp; &nbsp; Servicios online Servicios de [&hellip;]\" \/>\n<meta property=\"og:url\" content=\"https:\/\/txpraza.com\/servicios\/consultoria\/\" \/>\n<meta property=\"og:site_name\" content=\"Corporaci\u00f3n Txpraza\" \/>\n<meta property=\"article:modified_time\" content=\"2024-11-21T04:30:08+00:00\" \/>\n<meta property=\"og:image\" content=\"https:\/\/txpraza.com\/servicios\/wp-content\/uploads\/2019\/01\/consultoria-asesoria.jpg\" \/>\n\t<meta property=\"og:image:width\" content=\"1920\" \/>\n\t<meta property=\"og:image:height\" content=\"1200\" \/>\n\t<meta property=\"og:image:type\" content=\"image\/jpeg\" \/>\n<meta name=\"twitter:card\" content=\"summary_large_image\" \/>\n<meta name=\"twitter:label1\" content=\"Tiempo de lectura\" \/>\n\t<meta name=\"twitter:data1\" content=\"2 minutos\" \/>\n<script type=\"application\/ld+json\" class=\"yoast-schema-graph\">{\"@context\":\"https:\/\/schema.org\",\"@graph\":[{\"@type\":\"WebPage\",\"@id\":\"https:\/\/txpraza.com\/servicios\/consultoria\/\",\"url\":\"https:\/\/txpraza.com\/servicios\/consultoria\/\",\"name\":\"Consultor\u00eda - Corporaci\u00f3n Txpraza\",\"isPartOf\":{\"@id\":\"https:\/\/txpraza.com\/servicios\/#website\"},\"primaryImageOfPage\":{\"@id\":\"https:\/\/txpraza.com\/servicios\/consultoria\/#primaryimage\"},\"image\":{\"@id\":\"https:\/\/txpraza.com\/servicios\/consultoria\/#primaryimage\"},\"thumbnailUrl\":\"https:\/\/txpraza.com\/servicios\/wp-content\/uploads\/2019\/01\/consultoria-asesoria-1024x640.jpg\",\"datePublished\":\"2018-12-26T16:54:12+00:00\",\"dateModified\":\"2024-11-21T04:30:08+00:00\",\"breadcrumb\":{\"@id\":\"https:\/\/txpraza.com\/servicios\/consultoria\/#breadcrumb\"},\"inLanguage\":\"es\",\"potentialAction\":[{\"@type\":\"ReadAction\",\"target\":[\"https:\/\/txpraza.com\/servicios\/consultoria\/\"]}]},{\"@type\":\"ImageObject\",\"inLanguage\":\"es\",\"@id\":\"https:\/\/txpraza.com\/servicios\/consultoria\/#primaryimage\",\"url\":\"https:\/\/txpraza.com\/servicios\/wp-content\/uploads\/2019\/01\/consultoria-asesoria.jpg\",\"contentUrl\":\"https:\/\/txpraza.com\/servicios\/wp-content\/uploads\/2019\/01\/consultoria-asesoria.jpg\",\"width\":1920,\"height\":1200,\"caption\":\"consultoria-asesoria\"},{\"@type\":\"BreadcrumbList\",\"@id\":\"https:\/\/txpraza.com\/servicios\/consultoria\/#breadcrumb\",\"itemListElement\":[{\"@type\":\"ListItem\",\"position\":1,\"name\":\"Portada\",\"item\":\"https:\/\/txpraza.com\/servicios\/\"},{\"@type\":\"ListItem\",\"position\":2,\"name\":\"Consultor\u00eda\"}]},{\"@type\":\"WebSite\",\"@id\":\"https:\/\/txpraza.com\/servicios\/#website\",\"url\":\"https:\/\/txpraza.com\/servicios\/\",\"name\":\"Txpraza.com\",\"description\":\"Asesor\u00eda de empresas en Canarias\",\"publisher\":{\"@id\":\"https:\/\/txpraza.com\/servicios\/#organization\"},\"potentialAction\":[{\"@type\":\"SearchAction\",\"target\":{\"@type\":\"EntryPoint\",\"urlTemplate\":\"https:\/\/txpraza.com\/servicios\/?s={search_term_string}\"},\"query-input\":{\"@type\":\"PropertyValueSpecification\",\"valueRequired\":true,\"valueName\":\"search_term_string\"}}],\"inLanguage\":\"es\"},{\"@type\":\"Organization\",\"@id\":\"https:\/\/txpraza.com\/servicios\/#organization\",\"name\":\"Corporaci\u00f3n Txpraza\",\"url\":\"https:\/\/txpraza.com\/servicios\/\",\"logo\":{\"@type\":\"ImageObject\",\"inLanguage\":\"es\",\"@id\":\"https:\/\/txpraza.com\/servicios\/#\/schema\/logo\/image\/\",\"url\":\"https:\/\/txpraza.com\/servicios\/wp-content\/uploads\/2021\/03\/cropped-LOGO.png\",\"contentUrl\":\"https:\/\/txpraza.com\/servicios\/wp-content\/uploads\/2021\/03\/cropped-LOGO.png\",\"width\":819,\"height\":225,\"caption\":\"Corporaci\u00f3n Txpraza\"},\"image\":{\"@id\":\"https:\/\/txpraza.com\/servicios\/#\/schema\/logo\/image\/\"}}]}<\/script>\n<!-- \/ Yoast SEO plugin. -->","yoast_head_json":{"title":"Consultor\u00eda - Corporaci\u00f3n Txpraza","robots":{"index":"index","follow":"follow","max-snippet":"max-snippet:-1","max-image-preview":"max-image-preview:large","max-video-preview":"max-video-preview:-1"},"canonical":"https:\/\/txpraza.com\/servicios\/consultoria\/","og_locale":"es_ES","og_type":"article","og_title":"Consultor\u00eda - Corporaci\u00f3n Txpraza","og_description":"SERVICIOS DE CONSULTORIA PARA EMPRESAS Nos centramos y orientamos a las Pymes a conseguir los recursos disponibles del mercado. Nuestras actuaciones se centran, principalmente, en la cumplimentaci\u00f3n de obligaciones formales que no se realizan internamente en la empresa, pero que inciden directamente sobre la gesti\u00f3n del d\u00eda a d\u00eda. &nbsp; &nbsp; Servicios online Servicios de [&hellip;]","og_url":"https:\/\/txpraza.com\/servicios\/consultoria\/","og_site_name":"Corporaci\u00f3n Txpraza","article_modified_time":"2024-11-21T04:30:08+00:00","og_image":[{"width":1920,"height":1200,"url":"https:\/\/txpraza.com\/servicios\/wp-content\/uploads\/2019\/01\/consultoria-asesoria.jpg","type":"image\/jpeg"}],"twitter_card":"summary_large_image","twitter_misc":{"Tiempo de lectura":"2 minutos"},"schema":{"@context":"https:\/\/schema.org","@graph":[{"@type":"WebPage","@id":"https:\/\/txpraza.com\/servicios\/consultoria\/","url":"https:\/\/txpraza.com\/servicios\/consultoria\/","name":"Consultor\u00eda - Corporaci\u00f3n Txpraza","isPartOf":{"@id":"https:\/\/txpraza.com\/servicios\/#website"},"primaryImageOfPage":{"@id":"https:\/\/txpraza.com\/servicios\/consultoria\/#primaryimage"},"image":{"@id":"https:\/\/txpraza.com\/servicios\/consultoria\/#primaryimage"},"thumbnailUrl":"https:\/\/txpraza.com\/servicios\/wp-content\/uploads\/2019\/01\/consultoria-asesoria-1024x640.jpg","datePublished":"2018-12-26T16:54:12+00:00","dateModified":"2024-11-21T04:30:08+00:00","breadcrumb":{"@id":"https:\/\/txpraza.com\/servicios\/consultoria\/#breadcrumb"},"inLanguage":"es","potentialAction":[{"@type":"ReadAction","target":["https:\/\/txpraza.com\/servicios\/consultoria\/"]}]},{"@type":"ImageObject","inLanguage":"es","@id":"https:\/\/txpraza.com\/servicios\/consultoria\/#primaryimage","url":"https:\/\/txpraza.com\/servicios\/wp-content\/uploads\/2019\/01\/consultoria-asesoria.jpg","contentUrl":"https:\/\/txpraza.com\/servicios\/wp-content\/uploads\/2019\/01\/consultoria-asesoria.jpg","width":1920,"height":1200,"caption":"consultoria-asesoria"},{"@type":"BreadcrumbList","@id":"https:\/\/txpraza.com\/servicios\/consultoria\/#breadcrumb","itemListElement":[{"@type":"ListItem","position":1,"name":"Portada","item":"https:\/\/txpraza.com\/servicios\/"},{"@type":"ListItem","position":2,"name":"Consultor\u00eda"}]},{"@type":"WebSite","@id":"https:\/\/txpraza.com\/servicios\/#website","url":"https:\/\/txpraza.com\/servicios\/","name":"Txpraza.com","description":"Asesor\u00eda de empresas en Canarias","publisher":{"@id":"https:\/\/txpraza.com\/servicios\/#organization"},"potentialAction":[{"@type":"SearchAction","target":{"@type":"EntryPoint","urlTemplate":"https:\/\/txpraza.com\/servicios\/?s={search_term_string}"},"query-input":{"@type":"PropertyValueSpecification","valueRequired":true,"valueName":"search_term_string"}}],"inLanguage":"es"},{"@type":"Organization","@id":"https:\/\/txpraza.com\/servicios\/#organization","name":"Corporaci\u00f3n Txpraza","url":"https:\/\/txpraza.com\/servicios\/","logo":{"@type":"ImageObject","inLanguage":"es","@id":"https:\/\/txpraza.com\/servicios\/#\/schema\/logo\/image\/","url":"https:\/\/txpraza.com\/servicios\/wp-content\/uploads\/2021\/03\/cropped-LOGO.png","contentUrl":"https:\/\/txpraza.com\/servicios\/wp-content\/uploads\/2021\/03\/cropped-LOGO.png","width":819,"height":225,"caption":"Corporaci\u00f3n Txpraza"},"image":{"@id":"https:\/\/txpraza.com\/servicios\/#\/schema\/logo\/image\/"}}]}},"_links":{"self":[{"href":"https:\/\/txpraza.com\/servicios\/wp-json\/wp\/v2\/pages\/18","targetHints":{"allow":["GET"]}}],"collection":[{"href":"https:\/\/txpraza.com\/servicios\/wp-json\/wp\/v2\/pages"}],"about":[{"href":"https:\/\/txpraza.com\/servicios\/wp-json\/wp\/v2\/types\/page"}],"author":[{"embeddable":true,"href":"https:\/\/txpraza.com\/servicios\/wp-json\/wp\/v2\/users\/5"}],"replies":[{"embeddable":true,"href":"https:\/\/txpraza.com\/servicios\/wp-json\/wp\/v2\/comments?post=18"}],"version-history":[{"count":15,"href":"https:\/\/txpraza.com\/servicios\/wp-json\/wp\/v2\/pages\/18\/revisions"}],"predecessor-version":[{"id":3325,"href":"https:\/\/txpraza.com\/servicios\/wp-json\/wp\/v2\/pages\/18\/revisions\/3325"}],"wp:attachment":[{"href":"https:\/\/txpraza.com\/servicios\/wp-json\/wp\/v2\/media?parent=18"}],"curies":[{"name":"wp","href":"https:\/\/api.w.org\/{rel}","templated":true}]}}